{"id":792,"date":"2023-10-11T16:10:44","date_gmt":"2023-10-11T13:10:44","guid":{"rendered":"https:\/\/kilepunkt.eu\/?page_id=792"},"modified":"2025-11-26T18:40:44","modified_gmt":"2025-11-26T16:40:44","slug":"mattkile","status":"publish","type":"page","link":"https:\/\/kilepunkt.eu\/en\/mattkile\/","title":{"rendered":"matte films"},"content":{"rendered":"<div data-elementor-type=\"wp-page\" data-elementor-id=\"792\" class=\"elementor elementor-792\">\n\t\t\t\t<div class=\"elementor-element elementor-element-e46e2a9 e-flex e-con-boxed e-con e-parent\" data-id=\"e46e2a9\" data-element_type=\"container\" data-e-type=\"container\">\n\t\t\t\t\t<div class=\"e-con-inner\">\n\t\t\t\t<div class=\"elementor-element elementor-element-b8c7e2e elementor-widget elementor-widget-heading\" data-id=\"b8c7e2e\" data-element_type=\"widget\" data-e-type=\"widget\" data-widget_type=\"heading.default\">\n\t\t\t\t<div class=\"elementor-widget-container\">\n\t\t\t\t\t<h1 class=\"elementor-heading-title elementor-size-default\">Matte Film \u2013 Let the Light In, Keep Curiosity Out!<\/h1>\t\t\t\t<\/div>\n\t\t\t\t<\/div>\n\t\t\t\t\t<\/div>\n\t\t\t\t<\/div>\n\t\t<div class=\"elementor-element elementor-element-bfb8681 e-flex e-con-boxed e-con e-parent\" data-id=\"bfb8681\" data-element_type=\"container\" data-e-type=\"container\">\n\t\t\t\t\t<div class=\"e-con-inner\">\n\t\t<div class=\"elementor-element elementor-element-46e8eaa e-con-full e-flex e-con e-child\" data-id=\"46e8eaa\" data-element_type=\"container\" data-e-type=\"container\">\n\t\t\t\t<div class=\"elementor-element elementor-element-cfbbf5b elementor-invisible elementor-widget elementor-widget-text-editor\" data-id=\"cfbbf5b\" data-element_type=\"widget\" data-e-type=\"widget\" data-settings=\"{&quot;_animation&quot;:&quot;fadeInUp&quot;}\" data-widget_type=\"text-editor.default\">\n\t\t\t\t<div class=\"elementor-widget-container\">\n\t\t\t\t\t\t\t\t\t<h4>The main purpose of matte film is to provide privacy without losing natural daylight. A smart way to ensure privacy without significant light loss!<\/h4>\n<p>If you\u2019re only interested in daytime privacy, also check out our <a href=\"https:\/\/kilepunkt.eu\/en\/paikesekaitsekile-paigaldus-akendele\/\"><span style=\"text-decoration: underline;\"><strong>Double reflective and Solar Films.<\/strong><\/span><\/a>.<\/p>\n<p>Matte film can be applied to any glass surface, with the most popular being:<\/p>\n<ul>\n<li>Glass Partitions<\/li>\n<li>Windows Usually Behind Curtains<\/li>\n<li>Eye-Level or Basement Windows<\/li>\n<li>Dressing Rooms<\/li>\n<li>Balcony Glass<\/li>\n<\/ul>\n<div>The film can be applied fully or partially, for example in stripes. There are mainly three types of matte films:<\/div>\n<div><strong>Frost:<\/strong>The most neutral film we use, mainly for windows, partitions, and balconies.<br><strong>Opal Haze:<\/strong>A milky matte film with a soft white tone, also perfect for windows.<br><strong>Silver Etch:<\/strong>Used for cutting decorative films, creating dots, letters, etc. As it\u2019s not fully neutral, the film\u2019s outline and pattern remain clearly visible.<\/div>\t\t\t\t\t\t\t\t<\/div>\n\t\t\t\t<\/div>\n\t\t\t\t<\/div>\n\t\t<div class=\"elementor-element elementor-element-65a5b13 e-con-full e-flex e-con e-child\" data-id=\"65a5b13\" data-element_type=\"container\" data-e-type=\"container\">\n\t\t\t\t<div class=\"elementor-element elementor-element-75e33aa elementor-widget__width-initial elementor-widget elementor-widget-shortcode\" data-id=\"75e33aa\" data-element_type=\"widget\" data-e-type=\"widget\" data-widget_type=\"shortcode.default\">\n\t\t\t\t<div class=\"elementor-widget-container\">\n\t\t\t\t\t\t\t<div class=\"elementor-shortcode\">\n\t\t\t\n\t<style type=\"text\/css\">\n\t\t.slider-info-2273.bafg-slider-info .bafg-slider-title {\n\t\t\t\t\t\t\tfont-size:\n\t\t\t\t\t22px\t\t\t\t;\n\t\t\t\n\t\t\t\n\t\t\t\t\t}\n\n\t\t.slider-info-2273.bafg-slider-info .bafg-slider-description {\n\t\t\t\n\t\t\t\n\t\t\t\t\t}\n\t\t\n\t\t\n\t\t.slider-info-2273.bafg-slider-info .bafg_slider_readmore_button {\n\t\t\t\n\t\t\t\n\t\t\t\n\t\t\t\n\t\t\t\n\t\t\ttext-align: center;\n\n\t\t\t\n\t\t\t\n\t\t\t\n\t\t\t\n\t\t\t\t\t}\n\n\t\t.slider-info-2273.bafg-slider-info .bafg_slider_readmore_button:hover {\n\n\t\t\t\n\t\t\t\n\t\t\t\t\t}\n\t<\/style>\n\t\n\t\t\t<div class=\"bafg-twentytwenty-container slider-2273\"\n\t\t\t\tbafg-orientation=\"horizontal\" bafg-default-offset=\"0.5\"\n\t\t\t\tbafg-before-label=\"Before\"\n\t\t\t\tbafg-after-label=\"After\" bafg-overlay=\"1\"\n\t\t\t\tbafg-move-slider-on-hover=\"\"\n\t\t\t\tbafg-click-to-move=\"\">\n\n\t\t\t\t\t\t\t\t<img class=\"skip-lazy\" data-skip-lazy\t\t\t\t\tsrc=\"https:\/\/kilepunkt.eu\/wp-content\/uploads\/2024\/08\/roduklaaside-kiletamine-scaled.avif\" alt=\"Enne\">\n\t\t\t\t<img class=\"skip-lazy\" data-skip-lazy\t\t\t\t\tsrc=\"https:\/\/kilepunkt.eu\/wp-content\/uploads\/2024\/08\/mattkile-roduklaasile-scaled.avif\" alt=\"P\u00e4rast\">\n\n\t\t\t<\/div>\n\n\t\t\t\t<div class=\"bafg-slider-info-wraper\">\n\t\t<div style=\"\" class=\"slider-info-2273 bafg-slider-info\">\n\t\t\t\t\t<\/div>\n\t<\/div>\n\t\n\t\t\t<style type=\"text\/css\">\n\t\t\t\t\t\t\t\t\t\t\t<\/style>\n\t\t\t<\/div>\n\t\t\t\t\t\t<\/div>\n\t\t\t\t<\/div>\n\t\t\t\t<\/div>\n\t\t\t\t\t<\/div>\n\t\t\t\t<\/div>\n\t\t<div class=\"elementor-element elementor-element-4296f25 e-flex e-con-boxed e-con e-parent\" data-id=\"4296f25\" data-element_type=\"container\" data-e-type=\"container\">\n\t\t\t\t\t<div class=\"e-con-inner\">\n\t\t\t\t<div class=\"elementor-element elementor-element-bc33df6 elementor-widget elementor-widget-spacer\" data-id=\"bc33df6\" data-element_type=\"widget\" data-e-type=\"widget\" data-widget_type=\"spacer.default\">\n\t\t\t\t<div class=\"elementor-widget-container\">\n\t\t\t\t\t\t\t<div class=\"elementor-spacer\">\n\t\t\t<div class=\"elementor-spacer-inner\"><\/div>\n\t\t<\/div>\n\t\t\t\t\t\t<\/div>\n\t\t\t\t<\/div>\n\t\t\t\t\t<\/div>\n\t\t\t\t<\/div>\n\t\t<div class=\"elementor-element elementor-element-346e981 e-flex e-con-boxed e-con e-parent\" data-id=\"346e981\" data-element_type=\"container\" data-e-type=\"container\">\n\t\t\t\t\t<div class=\"e-con-inner\">\n\t\t<div class=\"elementor-element elementor-element-5e75f27 e-con-full e-flex e-con e-child\" data-id=\"5e75f27\" data-element_type=\"container\" data-e-type=\"container\">\n\t\t\t\t<div class=\"elementor-element elementor-element-920cf01 elementor-widget elementor-widget-image\" data-id=\"920cf01\" data-element_type=\"widget\" data-e-type=\"widget\" data-widget_type=\"image.default\">\n\t\t\t\t<div class=\"elementor-widget-container\">\n\t\t\t\t\t\t\t\t\t\t\t\t<figure class=\"wp-caption\">\n\t\t\t\t\t\t\t\t\t\t<img fetchpriority=\"high\" decoding=\"async\" width=\"768\" height=\"768\" src=\"https:\/\/kilepunkt.eu\/wp-content\/uploads\/2024\/03\/mattkile-aknale-768x768.webp\" class=\"attachment-medium_large size-medium_large wp-image-1053\" alt=\"mattkile\" srcset=\"https:\/\/kilepunkt.eu\/wp-content\/uploads\/2024\/03\/mattkile-aknale-768x768.webp 768w, https:\/\/kilepunkt.eu\/wp-content\/uploads\/2024\/03\/mattkile-aknale-300x300.webp 300w, https:\/\/kilepunkt.eu\/wp-content\/uploads\/2024\/03\/mattkile-aknale-1024x1024.webp 1024w, https:\/\/kilepunkt.eu\/wp-content\/uploads\/2024\/03\/mattkile-aknale-150x150.webp 150w, https:\/\/kilepunkt.eu\/wp-content\/uploads\/2024\/03\/mattkile-aknale-1536x1536.webp 1536w, https:\/\/kilepunkt.eu\/wp-content\/uploads\/2024\/03\/mattkile-aknale-600x600.webp 600w, https:\/\/kilepunkt.eu\/wp-content\/uploads\/2024\/03\/mattkile-aknale.webp 2000w\" sizes=\"(max-width: 768px) 100vw, 768px\" \/>\t\t\t\t\t\t\t\t\t\t\t<figcaption class=\"widget-image-caption wp-caption-text\">Frosted windows<\/figcaption>\n\t\t\t\t\t\t\t\t\t\t<\/figure>\n\t\t\t\t\t\t\t\t\t<\/div>\n\t\t\t\t<\/div>\n\t\t\t\t<\/div>\n\t\t<div class=\"elementor-element elementor-element-54b4fef e-con-full e-flex e-con e-child\" data-id=\"54b4fef\" data-element_type=\"container\" data-e-type=\"container\">\n\t\t\t\t<div class=\"elementor-element elementor-element-8afd1f6 elementor-widget elementor-widget-text-editor\" data-id=\"8afd1f6\" data-element_type=\"widget\" data-e-type=\"widget\" data-widget_type=\"text-editor.default\">\n\t\t\t\t<div class=\"elementor-widget-container\">\n\t\t\t\t\t\t\t\t\t<h1>More<\/h1><p>In addition to making glass opaque, the film also offers other features besides privacy, such as:<\/p><ul><li>Glass is <strong>easier to maintain,<\/strong> as dust or dirt is much less visible on frosted glass.\u00a0<\/li><li>&#8220;<strong>Safety film effect<\/strong>if the glass cracks or breaks, it stays in one piece instead of shattering.<\/li><li>Reduces reflections and glare <strong>by evening out the surface.<\/strong><\/li><li>Frosted films <strong>has no sun protection factor<\/strong>meaning plants will continue to thrive behind it.<\/li><\/ul>\t\t\t\t\t\t\t\t<\/div>\n\t\t\t\t<\/div>\n\t\t\t\t<\/div>\n\t\t\t\t\t<\/div>\n\t\t\t\t<\/div>\n\t\t<div class=\"elementor-element elementor-element-591705c e-flex e-con-boxed e-con e-parent\" data-id=\"591705c\" data-element_type=\"container\" data-e-type=\"container\">\n\t\t\t\t\t<div class=\"e-con-inner\">\n\t\t\t\t<div class=\"elementor-element elementor-element-3f4c501 elementor-widget elementor-widget-spacer\" data-id=\"3f4c501\" data-element_type=\"widget\" data-e-type=\"widget\" data-widget_type=\"spacer.default\">\n\t\t\t\t<div class=\"elementor-widget-container\">\n\t\t\t\t\t\t\t<div class=\"elementor-spacer\">\n\t\t\t<div class=\"elementor-spacer-inner\"><\/div>\n\t\t<\/div>\n\t\t\t\t\t\t<\/div>\n\t\t\t\t<\/div>\n\t\t\t\t<div class=\"elementor-element elementor-element-911214c elementor-widget elementor-widget-beaf-slider\" data-id=\"911214c\" data-element_type=\"widget\" data-e-type=\"widget\" data-widget_type=\"beaf-slider.default\">\n\t\t\t\t<div class=\"elementor-widget-container\">\n\t\t\t\t\t\n\t\t\t\n\t<style type=\"text\/css\">\n\t\t.slider-info-1054.bafg-slider-info .bafg-slider-title {\n\t\t\t\t\t\t\tfont-size:\n\t\t\t\t\t22px\t\t\t\t;\n\t\t\t\n\t\t\t\n\t\t\t\t\t}\n\n\t\t.slider-info-1054.bafg-slider-info .bafg-slider-description {\n\t\t\t\n\t\t\t\n\t\t\t\t\t}\n\t\t\n\t\t\n\t\t.slider-info-1054.bafg-slider-info .bafg_slider_readmore_button {\n\t\t\t\n\t\t\t\n\t\t\t\n\t\t\t\n\t\t\t\n\t\t\ttext-align: center;\n\n\t\t\t\n\t\t\t\n\t\t\t\n\t\t\t\n\t\t\t\t\t}\n\n\t\t.slider-info-1054.bafg-slider-info .bafg_slider_readmore_button:hover {\n\n\t\t\t\n\t\t\t\n\t\t\t\t\t}\n\t<\/style>\n\t\n\t\t\t<div class=\"bafg-twentytwenty-container slider-1054\"\n\t\t\t\tbafg-orientation=\"horizontal\" bafg-default-offset=\"0.5\"\n\t\t\t\tbafg-before-label=\"Before\"\n\t\t\t\tbafg-after-label=\"After\" bafg-overlay=\"1\"\n\t\t\t\tbafg-move-slider-on-hover=\"\"\n\t\t\t\tbafg-click-to-move=\"\">\n\n\t\t\t\t\t\t\t\t<img class=\"\" \t\t\t\t\tsrc=\"https:\/\/kilepunkt.eu\/wp-content\/uploads\/2024\/03\/frost-ennem-scaled.jpg\" alt=\"Ennem\">\n\t\t\t\t<img class=\"\" \t\t\t\t\tsrc=\"https:\/\/kilepunkt.eu\/wp-content\/uploads\/2024\/03\/frost-parast-scaled.jpg\" alt=\"P\u00e4rast\">\n\n\t\t\t<\/div>\n\n\t\t\t\t<div class=\"bafg-slider-info-wraper\">\n\t\t<div style=\"\" class=\"slider-info-1054 bafg-slider-info\">\n\t\t\t\t\t\t\t<div class=\"bafg-slider-description\">\n\t\t\t\t\tOpal Haze puitraamidel akendele\t\t\t\t<\/div>\n\t\t\t\t\t\t<\/div>\n\t<\/div>\n\t\n\t\t\t<style type=\"text\/css\">\n\t\t\t\t\t\t\t\t\t\t\t<\/style>\n\t\t\t\t\t\t\t<\/div>\n\t\t\t\t<\/div>\n\t\t\t\t\t<\/div>\n\t\t\t\t<\/div>\n\t\t<div class=\"elementor-element elementor-element-e580c5c e-flex e-con-boxed e-con e-parent\" data-id=\"e580c5c\" data-element_type=\"container\" data-e-type=\"container\">\n\t\t\t\t\t<div class=\"e-con-inner\">\n\t\t\t\t<div class=\"elementor-element elementor-element-75d74ff elementor-align-justify elementor-invisible elementor-widget elementor-widget-button\" data-id=\"75d74ff\" data-element_type=\"widget\" data-e-type=\"widget\" data-settings=\"{&quot;_animation&quot;:&quot;fadeIn&quot;}\" data-widget_type=\"button.default\">\n\t\t\t\t<div class=\"elementor-widget-container\">\n\t\t\t\t\t\t\t\t\t<div class=\"elementor-button-wrapper\">\n\t\t\t\t\t<a class=\"elementor-button elementor-button-link elementor-size-sm elementor-animation-pop\" href=\"https:\/\/kilepunkt.eu\/en\/kontakt\/#tellima\">\n\t\t\t\t\t\t<span class=\"elementor-button-content-wrapper\">\n\t\t\t\t\t\t\t\t\t<span class=\"elementor-button-text\">Order now!<\/span>\n\t\t\t\t\t<\/span>\n\t\t\t\t\t<\/a>\n\t\t\t\t<\/div>\n\t\t\t\t\t\t\t\t<\/div>\n\t\t\t\t<\/div>\n\t\t\t\t\t<\/div>\n\t\t\t\t<\/div>\n\t\t<div class=\"elementor-element elementor-element-2eea1a3 e-flex e-con-boxed e-con e-parent\" data-id=\"2eea1a3\" data-element_type=\"container\" data-e-type=\"container\">\n\t\t\t\t\t<div class=\"e-con-inner\">\n\t\t\t\t<div class=\"elementor-element elementor-element-d34d3c4 elementor-widget elementor-widget-text-editor\" data-id=\"d34d3c4\" data-element_type=\"widget\" data-e-type=\"widget\" data-widget_type=\"text-editor.default\">\n\t\t\t\t<div class=\"elementor-widget-container\">\n\t\t\t\t\t\t\t\t\t<h3 style=\"text-align: center;\">Chek out our <span style=\"text-decoration: underline;\"><a href=\"https:\/\/kilepunkt.eu\/en\/kontakt\/#kkk\" data-wplink-url-error=\"true\">FAQ<\/a><\/span><\/h3>\t\t\t\t\t\t\t\t<\/div>\n\t\t\t\t<\/div>\n\t\t\t\t\t<\/div>\n\t\t\t\t<\/div>\n\t\t\t\t<\/div>","protected":false},"excerpt":{"rendered":"<p>Mattkile &#8211; Lase valgust sisse, hoia uudishimu v\u00e4ljas! Mattkile peamine eesm\u00e4rk on tekitada privaatsust ilma naturaalse p\u00e4evavalguse kaotamiseta. Hea lahendus saavutada privaatsus ilma erilise valguskaota! Kui huvi pakub ainult privaatsus p\u00e4evasel ajal vaata ka peegel ja p\u00e4ikesekaitsekilesid. Mattkile saab paigaldada k\u00f5igile klaaspindadele millest populaarseimad on: Klaasvaheseinad Aknad, mis on enamuse ajast kardina taga Silmak\u00f5rgusel v\u00f5i [&hellip;]<\/p>\n","protected":false},"author":1,"featured_media":0,"parent":0,"menu_order":0,"comment_status":"closed","ping_status":"closed","template":"","meta":{"_eb_attr":"","ocean_post_layout":"","ocean_both_sidebars_style":"","ocean_both_sidebars_content_width":0,"ocean_both_sidebars_sidebars_width":0,"ocean_sidebar":"","ocean_second_sidebar":"","ocean_disable_margins":"enable","ocean_add_body_class":"","ocean_shortcode_before_top_bar":"","ocean_shortcode_after_top_bar":"","ocean_shortcode_before_header":"","ocean_shortcode_after_header":"","ocean_has_shortcode":"","ocean_shortcode_after_title":"","ocean_shortcode_before_footer_widgets":"","ocean_shortcode_after_footer_widgets":"","ocean_shortcode_before_footer_bottom":"","ocean_shortcode_after_footer_bottom":"","ocean_display_top_bar":"default","ocean_display_header":"default","ocean_header_style":"","ocean_center_header_left_menu":"","ocean_custom_header_template":"","ocean_custom_logo":0,"ocean_custom_retina_logo":0,"ocean_custom_logo_max_width":0,"ocean_custom_logo_tablet_max_width":0,"ocean_custom_logo_mobile_max_width":0,"ocean_custom_logo_max_height":0,"ocean_custom_logo_tablet_max_height":0,"ocean_custom_logo_mobile_max_height":0,"ocean_header_custom_menu":"","ocean_menu_typo_font_family":"","ocean_menu_typo_font_subset":"","ocean_menu_typo_font_size":0,"ocean_menu_typo_font_size_tablet":0,"ocean_menu_typo_font_size_mobile":0,"ocean_menu_typo_font_size_unit":"px","ocean_menu_typo_font_weight":"","ocean_menu_typo_font_weight_tablet":"","ocean_menu_typo_font_weight_mobile":"","ocean_menu_typo_transform":"","ocean_menu_typo_transform_tablet":"","ocean_menu_typo_transform_mobile":"","ocean_menu_typo_line_height":0,"ocean_menu_typo_line_height_tablet":0,"ocean_menu_typo_line_height_mobile":0,"ocean_menu_typo_line_height_unit":"","ocean_menu_typo_spacing":0,"ocean_menu_typo_spacing_tablet":0,"ocean_menu_typo_spacing_mobile":0,"ocean_menu_typo_spacing_unit":"","ocean_menu_link_color":"","ocean_menu_link_color_hover":"","ocean_menu_link_color_active":"","ocean_menu_link_background":"","ocean_menu_link_hover_background":"","ocean_menu_link_active_background":"","ocean_menu_social_links_bg":"","ocean_menu_social_hover_links_bg":"","ocean_menu_social_links_color":"","ocean_menu_social_hover_links_color":"","ocean_disable_title":"default","ocean_disable_heading":"default","ocean_post_title":"","ocean_post_subheading":"","ocean_post_title_style":"","ocean_post_title_background_color":"","ocean_post_title_background":0,"ocean_post_title_bg_image_position":"","ocean_post_title_bg_image_attachment":"","ocean_post_title_bg_image_repeat":"","ocean_post_title_bg_image_size":"","ocean_post_title_height":0,"ocean_post_title_bg_overlay":0.5,"ocean_post_title_bg_overlay_color":"","ocean_disable_breadcrumbs":"default","ocean_breadcrumbs_color":"","ocean_breadcrumbs_separator_color":"","ocean_breadcrumbs_links_color":"","ocean_breadcrumbs_links_hover_color":"","ocean_display_footer_widgets":"default","ocean_display_footer_bottom":"default","ocean_custom_footer_template":"","_glsr_average":0,"_glsr_ranking":0,"_glsr_reviews":0,"footnotes":""},"class_list":["post-792","page","type-page","status-publish","hentry","entry"],"_links":{"self":[{"href":"https:\/\/kilepunkt.eu\/en\/wp-json\/wp\/v2\/pages\/792","targetHints":{"allow":["GET"]}}],"collection":[{"href":"https:\/\/kilepunkt.eu\/en\/wp-json\/wp\/v2\/pages"}],"about":[{"href":"https:\/\/kilepunkt.eu\/en\/wp-json\/wp\/v2\/types\/page"}],"author":[{"embeddable":true,"href":"https:\/\/kilepunkt.eu\/en\/wp-json\/wp\/v2\/users\/1"}],"replies":[{"embeddable":true,"href":"https:\/\/kilepunkt.eu\/en\/wp-json\/wp\/v2\/comments?post=792"}],"version-history":[{"count":5,"href":"https:\/\/kilepunkt.eu\/en\/wp-json\/wp\/v2\/pages\/792\/revisions"}],"predecessor-version":[{"id":3340,"href":"https:\/\/kilepunkt.eu\/en\/wp-json\/wp\/v2\/pages\/792\/revisions\/3340"}],"wp:attachment":[{"href":"https:\/\/kilepunkt.eu\/en\/wp-json\/wp\/v2\/media?parent=792"}],"curies":[{"name":"wp","href":"https:\/\/api.w.org\/{rel}","templated":true}]}}