{"id":790,"date":"2023-10-11T16:10:22","date_gmt":"2023-10-11T13:10:22","guid":{"rendered":"https:\/\/kilepunkt.eu\/?page_id=790"},"modified":"2024-08-28T19:12:58","modified_gmt":"2024-08-28T16:12:58","slug":"turvakile","status":"publish","type":"page","link":"https:\/\/kilepunkt.eu\/en\/turvakile\/","title":{"rendered":"Saftey films"},"content":{"rendered":"<div data-elementor-type=\"wp-page\" data-elementor-id=\"790\" class=\"elementor elementor-790\">\n\t\t\t\t<div class=\"elementor-element elementor-element-29eb616d e-flex e-con-boxed e-con e-parent\" data-id=\"29eb616d\" data-element_type=\"container\" data-e-type=\"container\">\n\t\t\t\t\t<div class=\"e-con-inner\">\n\t\t\t\t<div class=\"elementor-element elementor-element-a7b1ffe elementor-widget elementor-widget-heading\" data-id=\"a7b1ffe\" data-element_type=\"widget\" data-e-type=\"widget\" data-widget_type=\"heading.default\">\n\t\t\t\t<div class=\"elementor-widget-container\">\n\t\t\t\t\t<h2 class=\"elementor-heading-title elementor-size-default\">Saftey films<\/h2>\t\t\t\t<\/div>\n\t\t\t\t<\/div>\n\t\t\t\t\t<\/div>\n\t\t\t\t<\/div>\n\t\t<div class=\"elementor-element elementor-element-491a3194 e-flex e-con-boxed e-con e-parent\" data-id=\"491a3194\" data-element_type=\"container\" data-e-type=\"container\">\n\t\t\t\t\t<div class=\"e-con-inner\">\n\t\t<div class=\"elementor-element elementor-element-28f52fa1 e-con-full e-flex e-con e-child\" data-id=\"28f52fa1\" data-element_type=\"container\" data-e-type=\"container\">\n\t\t\t\t<div class=\"elementor-element elementor-element-6be0a84b elementor-invisible elementor-widget elementor-widget-text-editor\" data-id=\"6be0a84b\" data-element_type=\"widget\" data-e-type=\"widget\" data-settings=\"{&quot;_animation&quot;:&quot;fadeInUp&quot;}\" data-widget_type=\"text-editor.default\">\n\t\t\t\t<div class=\"elementor-widget-container\">\n\t\t\t\t\t\t\t\t\t<p>Safety film bonds to the surface of glass to keep it in one piece. <strong>ecause glass is brittle but the film is soft and flexible,<\/strong>\u00a0the glass may shatter into fragments upon impact \u2014 yet the film holds the pieces together. The safety film is completely transparent and virtually invisible to the eye. Different types of safety film vary only in thickness.\u00a0<\/p><p>Available thicknesses range mainly from <strong>4 mm to 14 mm<\/strong> paksusega turvakiled.\u00a0<\/p><ul><li>Thinner films are designed primarily <strong>to hold glass fragments together and prevent injuries<\/strong> \u2013 ideal for places like kindergartens, food industry facilities, or swimming pools.<\/li><li>Thicker films <strong>make forced entry more difficult and protect against vandalism<\/strong> \u2013 suitable for high-security sites, banks, and other sensitive areas. <strong>They can provide protection comparable to laminated safety glass.<\/strong>.<\/li><\/ul>\t\t\t\t\t\t\t\t<\/div>\n\t\t\t\t<\/div>\n\t\t\t\t<\/div>\n\t\t<div class=\"elementor-element elementor-element-2693e47f e-con-full e-flex e-con e-child\" data-id=\"2693e47f\" data-element_type=\"container\" data-e-type=\"container\">\n\t\t\t\t<div class=\"elementor-element elementor-element-e2cd44c elementor-widget elementor-widget-video\" data-id=\"e2cd44c\" data-element_type=\"widget\" data-e-type=\"widget\" data-settings=\"{&quot;youtube_url&quot;:&quot;https:\\\/\\\/youtu.be\\\/tdFOvxK3Yq8?si=gy7I5RKy1pdmKb9g&amp;t=9&quot;,&quot;video_type&quot;:&quot;youtube&quot;,&quot;controls&quot;:&quot;yes&quot;}\" data-widget_type=\"video.default\">\n\t\t\t\t<div class=\"elementor-widget-container\">\n\t\t\t\t\t\t\t<div class=\"elementor-wrapper elementor-open-inline\">\n\t\t\t<div class=\"elementor-video\"><\/div>\t\t<\/div>\n\t\t\t\t\t\t<\/div>\n\t\t\t\t<\/div>\n\t\t\t\t<\/div>\n\t\t\t\t\t<\/div>\n\t\t\t\t<\/div>\n\t\t<div class=\"elementor-element elementor-element-7196d4d e-flex e-con-boxed e-con e-parent\" data-id=\"7196d4d\" data-element_type=\"container\" data-e-type=\"container\">\n\t\t\t\t\t<div class=\"e-con-inner\">\n\t\t\t\t<div class=\"elementor-element elementor-element-e64cdd2 elementor-widget elementor-widget-video\" data-id=\"e64cdd2\" data-element_type=\"widget\" data-e-type=\"widget\" data-settings=\"{&quot;youtube_url&quot;:&quot;https:\\\/\\\/www.youtube.com\\\/watch?v=Maph1a2qFf4&quot;,&quot;video_type&quot;:&quot;youtube&quot;,&quot;controls&quot;:&quot;yes&quot;}\" data-widget_type=\"video.default\">\n\t\t\t\t<div class=\"elementor-widget-container\">\n\t\t\t\t\t\t\t<div class=\"elementor-wrapper elementor-open-inline\">\n\t\t\t<div class=\"elementor-video\"><\/div>\t\t<\/div>\n\t\t\t\t\t\t<\/div>\n\t\t\t\t<\/div>\n\t\t<div class=\"elementor-element elementor-element-71b7992f e-con-full e-flex e-con e-child\" data-id=\"71b7992f\" data-element_type=\"container\" data-e-type=\"container\">\n\t\t\t\t<div class=\"elementor-element elementor-element-2d3f402e elementor-invisible elementor-widget elementor-widget-text-editor\" data-id=\"2d3f402e\" data-element_type=\"widget\" data-e-type=\"widget\" data-settings=\"{&quot;_animation&quot;:&quot;slideInUp&quot;}\" data-widget_type=\"text-editor.default\">\n\t\t\t\t<div class=\"elementor-widget-container\">\n\t\t\t\t\t\t\t\t\t<h1>Installation of Safety Film<\/h1>\n<ul>\n<li>It is nearly impossible to visually distinguish glass with safety film from ordinary glass, <strong>since the film is completely clear.<\/strong><\/li>\n<li>During installation, the film is applied leaving about a 5 mm margin from the glass edges, allowing the installation water to escape. Glass rarely cracks from the frame edge, as window units are typically surrounded by an aluminum strip.&nbsp;<\/li>\n<li>The thicker the film, the longer it takes for moisture pockets to evaporate \u2014 for thick films, this may take up to three months, depending on weather conditions.<\/li>\n<li><strong>For maximum security and intrusion resistance<\/strong>&nbsp;safety film should be installed on both the interior and exterior surfaces of the glass.<\/li>\n<li>To achieve the best protection against break-ins, the film should be anchored under the frame bead or sealed with silicone<strong>(available at an additional cost<\/strong>).<\/li>\n<li><strong>Provides UV protection<\/strong> (note: this is not solar protection).<\/li>\n<\/ul>\t\t\t\t\t\t\t\t<\/div>\n\t\t\t\t<\/div>\n\t\t\t\t<\/div>\n\t\t\t\t\t<\/div>\n\t\t\t\t<\/div>\n\t\t<div class=\"elementor-element elementor-element-11060f8e e-flex e-con-boxed e-con e-parent\" data-id=\"11060f8e\" data-element_type=\"container\" data-e-type=\"container\">\n\t\t\t\t\t<div class=\"e-con-inner\">\n\t\t\t\t<div class=\"elementor-element elementor-element-5c5e272d elementor-align-justify elementor-invisible elementor-widget elementor-widget-button\" data-id=\"5c5e272d\" data-element_type=\"widget\" data-e-type=\"widget\" data-settings=\"{&quot;_animation&quot;:&quot;fadeIn&quot;}\" data-widget_type=\"button.default\">\n\t\t\t\t<div class=\"elementor-widget-container\">\n\t\t\t\t\t\t\t\t\t<div class=\"elementor-button-wrapper\">\n\t\t\t\t\t<a class=\"elementor-button elementor-button-link elementor-size-sm elementor-animation-pop\" href=\"https:\/\/kilepunkt.eu\/en\/kontakt\/#tellima\">\n\t\t\t\t\t\t<span class=\"elementor-button-content-wrapper\">\n\t\t\t\t\t\t\t\t\t<span class=\"elementor-button-text\">Order now!<\/span>\n\t\t\t\t\t<\/span>\n\t\t\t\t\t<\/a>\n\t\t\t\t<\/div>\n\t\t\t\t\t\t\t\t<\/div>\n\t\t\t\t<\/div>\n\t\t\t\t\t<\/div>\n\t\t\t\t<\/div>\n\t\t<div class=\"elementor-element elementor-element-68a5ac4 e-flex e-con-boxed e-con e-parent\" data-id=\"68a5ac4\" data-element_type=\"container\" data-e-type=\"container\">\n\t\t\t\t\t<div class=\"e-con-inner\">\n\t\t<div class=\"elementor-element elementor-element-0b3c10b e-flex e-con-boxed e-con e-child\" data-id=\"0b3c10b\" data-element_type=\"container\" data-e-type=\"container\">\n\t\t\t\t\t<div class=\"e-con-inner\">\n\t\t\t\t<div class=\"elementor-element elementor-element-2638a02 elementor-widget elementor-widget-text-editor\" data-id=\"2638a02\" data-element_type=\"widget\" data-e-type=\"widget\" data-widget_type=\"text-editor.default\">\n\t\t\t\t<div class=\"elementor-widget-container\">\n\t\t\t\t\t\t\t\t\t<h3 style=\"text-align: center;\">Chek out our <span style=\"text-decoration: underline;\"><a href=\"https:\/\/kilepunkt.eu\/en\/kontakt\/#kkk\" data-wplink-url-error=\"true\">FAQ<\/a><\/span><\/h3>\t\t\t\t\t\t\t\t<\/div>\n\t\t\t\t<\/div>\n\t\t\t\t\t<\/div>\n\t\t\t\t<\/div>\n\t\t\t\t\t<\/div>\n\t\t\t\t<\/div>\n\t\t\t\t<\/div>","protected":false},"excerpt":{"rendered":"<p>Turvakile Turvakile lamineerub klaasi k\u00fclge, et hoida klaasi \u00fches t\u00fckis. Kuna klaas on habras aga kile pehme ja elastne\u00a0puruneb klaas kildudeks, kuid kile hoiab klaasi endiselt \u00fches t\u00fckis. Turvakile on t\u00e4iesti l\u00e4bipaistev ja silmale eristumatu. Turvakiled erinevad ainult paksuse pooles.\u00a0 Saadaval on peamiselt 4mm kuni 14mm paksusega turvakiled.\u00a0 \u00d5hukesed kiled sobivad pigem kildude kokku hoidmiseks [&hellip;]<\/p>\n","protected":false},"author":1,"featured_media":0,"parent":0,"menu_order":0,"comment_status":"closed","ping_status":"closed","template":"","meta":{"_eb_attr":"","ocean_post_layout":"","ocean_both_sidebars_style":"","ocean_both_sidebars_content_width":0,"ocean_both_sidebars_sidebars_width":0,"ocean_sidebar":"","ocean_second_sidebar":"","ocean_disable_margins":"enable","ocean_add_body_class":"","ocean_shortcode_before_top_bar":"","ocean_shortcode_after_top_bar":"","ocean_shortcode_before_header":"","ocean_shortcode_after_header":"","ocean_has_shortcode":"","ocean_shortcode_after_title":"","ocean_shortcode_before_footer_widgets":"","ocean_shortcode_after_footer_widgets":"","ocean_shortcode_before_footer_bottom":"","ocean_shortcode_after_footer_bottom":"","ocean_display_top_bar":"default","ocean_display_header":"default","ocean_header_style":"","ocean_center_header_left_menu":"","ocean_custom_header_template":"","ocean_custom_logo":0,"ocean_custom_retina_logo":0,"ocean_custom_logo_max_width":0,"ocean_custom_logo_tablet_max_width":0,"ocean_custom_logo_mobile_max_width":0,"ocean_custom_logo_max_height":0,"ocean_custom_logo_tablet_max_height":0,"ocean_custom_logo_mobile_max_height":0,"ocean_header_custom_menu":"","ocean_menu_typo_font_family":"","ocean_menu_typo_font_subset":"","ocean_menu_typo_font_size":0,"ocean_menu_typo_font_size_tablet":0,"ocean_menu_typo_font_size_mobile":0,"ocean_menu_typo_font_size_unit":"px","ocean_menu_typo_font_weight":"","ocean_menu_typo_font_weight_tablet":"","ocean_menu_typo_font_weight_mobile":"","ocean_menu_typo_transform":"","ocean_menu_typo_transform_tablet":"","ocean_menu_typo_transform_mobile":"","ocean_menu_typo_line_height":0,"ocean_menu_typo_line_height_tablet":0,"ocean_menu_typo_line_height_mobile":0,"ocean_menu_typo_line_height_unit":"","ocean_menu_typo_spacing":0,"ocean_menu_typo_spacing_tablet":0,"ocean_menu_typo_spacing_mobile":0,"ocean_menu_typo_spacing_unit":"","ocean_menu_link_color":"","ocean_menu_link_color_hover":"","ocean_menu_link_color_active":"","ocean_menu_link_background":"","ocean_menu_link_hover_background":"","ocean_menu_link_active_background":"","ocean_menu_social_links_bg":"","ocean_menu_social_hover_links_bg":"","ocean_menu_social_links_color":"","ocean_menu_social_hover_links_color":"","ocean_disable_title":"default","ocean_disable_heading":"default","ocean_post_title":"","ocean_post_subheading":"","ocean_post_title_style":"","ocean_post_title_background_color":"","ocean_post_title_background":0,"ocean_post_title_bg_image_position":"","ocean_post_title_bg_image_attachment":"","ocean_post_title_bg_image_repeat":"","ocean_post_title_bg_image_size":"","ocean_post_title_height":0,"ocean_post_title_bg_overlay":0.5,"ocean_post_title_bg_overlay_color":"","ocean_disable_breadcrumbs":"default","ocean_breadcrumbs_color":"","ocean_breadcrumbs_separator_color":"","ocean_breadcrumbs_links_color":"","ocean_breadcrumbs_links_hover_color":"","ocean_display_footer_widgets":"default","ocean_display_footer_bottom":"default","ocean_custom_footer_template":"","_glsr_average":0,"_glsr_ranking":0,"_glsr_reviews":0,"footnotes":""},"class_list":["post-790","page","type-page","status-publish","hentry","entry"],"_links":{"self":[{"href":"https:\/\/kilepunkt.eu\/en\/wp-json\/wp\/v2\/pages\/790","targetHints":{"allow":["GET"]}}],"collection":[{"href":"https:\/\/kilepunkt.eu\/en\/wp-json\/wp\/v2\/pages"}],"about":[{"href":"https:\/\/kilepunkt.eu\/en\/wp-json\/wp\/v2\/types\/page"}],"author":[{"embeddable":true,"href":"https:\/\/kilepunkt.eu\/en\/wp-json\/wp\/v2\/users\/1"}],"replies":[{"embeddable":true,"href":"https:\/\/kilepunkt.eu\/en\/wp-json\/wp\/v2\/comments?post=790"}],"version-history":[{"count":5,"href":"https:\/\/kilepunkt.eu\/en\/wp-json\/wp\/v2\/pages\/790\/revisions"}],"predecessor-version":[{"id":2264,"href":"https:\/\/kilepunkt.eu\/en\/wp-json\/wp\/v2\/pages\/790\/revisions\/2264"}],"wp:attachment":[{"href":"https:\/\/kilepunkt.eu\/en\/wp-json\/wp\/v2\/media?parent=790"}],"curies":[{"name":"wp","href":"https:\/\/api.w.org\/{rel}","templated":true}]}}