{"id":2603,"date":"2025-03-30T10:54:47","date_gmt":"2025-03-30T07:54:47","guid":{"rendered":"https:\/\/kilepunkt.eu\/?page_id=2603"},"modified":"2026-02-28T14:45:00","modified_gmt":"2026-02-28T12:45:00","slug":"sisustuskiled","status":"publish","type":"page","link":"https:\/\/kilepunkt.eu\/en\/sisustuskiled\/","title":{"rendered":"Furniture and architecture wraps"},"content":{"rendered":"<div data-elementor-type=\"wp-page\" data-elementor-id=\"2603\" class=\"elementor elementor-2603\">\n\t\t\t\t<div class=\"elementor-element elementor-element-8ca36cb e-flex e-con-boxed e-con e-parent\" data-id=\"8ca36cb\" data-element_type=\"container\" data-e-type=\"container\">\n\t\t\t\t\t<div class=\"e-con-inner\">\n\t\t\t\t<div class=\"elementor-element elementor-element-ec4c705 elementor-widget elementor-widget-heading\" data-id=\"ec4c705\" data-element_type=\"widget\" data-e-type=\"widget\" data-widget_type=\"heading.default\">\n\t\t\t\t<div class=\"elementor-widget-container\">\n\t\t\t\t\t<h1 class=\"elementor-heading-title elementor-size-default\">Sisustuskiled \u2013 stiilne ja kuluefektiivne lahendus interj\u00f6\u00f6ri uuendamiseks<\/h1>\t\t\t\t<\/div>\n\t\t\t\t<\/div>\n\t\t\t\t\t<\/div>\n\t\t\t\t<\/div>\n\t\t<div class=\"elementor-element elementor-element-d7d1f0e e-flex e-con-boxed e-con e-parent\" data-id=\"d7d1f0e\" data-element_type=\"container\" data-e-type=\"container\">\n\t\t\t\t\t<div class=\"e-con-inner\">\n\t\t<div class=\"elementor-element elementor-element-0ee8cc2 e-con-full e-flex e-con e-child\" data-id=\"0ee8cc2\" data-element_type=\"container\" data-e-type=\"container\">\n\t\t\t\t<div class=\"elementor-element elementor-element-058f66f elementor-invisible elementor-widget elementor-widget-text-editor\" data-id=\"058f66f\" data-element_type=\"widget\" data-e-type=\"widget\" data-settings=\"{&quot;_animation&quot;:&quot;fadeInUp&quot;}\" data-widget_type=\"text-editor.default\">\n\t\t\t\t<div class=\"elementor-widget-container\">\n\t\t\t\t\t\t\t\t\t<p data-pm-slice=\"1 1 []\">Wrapping with interior vinyl offers a quick and affordable solution for surface renovation, giving them a new and modern look. Ideal for shopping centers, hotels, retail spaces, and home interiors. Wrapping can be used on furniture, doors, walls, elevators, boats, and many other surfaces. It\u2019s an excellent way to refresh old surfaces without expensive and time-consuming renovations.<\/p><h2 data-pm-slice=\"1 1 []\">Why choose wrapping with interior vinyl?<\/h2><ul data-spread=\"false\" data-pm-slice=\"3 3 []\"><li><p><strong>Cost-effective alternative<\/strong> \u2013 <strong>50\u201370% cheaper<\/strong> than traditional renovation.<\/p><\/li><li><p><strong>Quick and easy installation<\/strong> \u2013 avoids long construction work <strong>allowing business to continue uninterrupted.<\/strong>.<\/p><\/li><li><p><strong>Wide design selection<\/strong> \u2013 available <strong>hundreds of textures and patterns available,<\/strong>including <strong>wood, metal, stone, and textile effects.<\/strong>.<\/p><\/li><li><p><strong>Durable and resilient materials<\/strong> \u2013 <strong>moisture- and heat-resistant, easy to clean, and wear-resistant.<\/strong>.<\/p><\/li><li><p><strong>Eco-friendly solution<\/strong> \u2013 <strong>free of harmful chemicals<\/strong>, meeting high safety and environmental standards.<\/p><\/li><li><p><strong>Long warranty<\/strong> \u2013 premium materials <strong>with up to a 10-year warranty<\/strong>.<\/p><\/li><\/ul>\t\t\t\t\t\t\t\t<\/div>\n\t\t\t\t<\/div>\n\t\t\t\t<\/div>\n\t\t<div class=\"elementor-element elementor-element-e80575b e-con-full e-flex e-con e-child\" data-id=\"e80575b\" data-element_type=\"container\" data-e-type=\"container\">\n\t\t\t\t<div class=\"elementor-element elementor-element-265922c elementor-widget elementor-widget-beaf-slider\" data-id=\"265922c\" data-element_type=\"widget\" data-e-type=\"widget\" data-widget_type=\"beaf-slider.default\">\n\t\t\t\t<div class=\"elementor-widget-container\">\n\t\t\t\t\t\n\t\t\t\n\t<style type=\"text\/css\">\n\t\t.slider-info-2608.bafg-slider-info .bafg-slider-title {\n\t\t\t\t\t\t\tfont-size:\n\t\t\t\t\t22px\t\t\t\t;\n\t\t\t\n\t\t\t\n\t\t\t\t\t}\n\n\t\t.slider-info-2608.bafg-slider-info .bafg-slider-description {\n\t\t\t\n\t\t\t\n\t\t\t\t\t}\n\t\t\n\t\t\n\t\t.slider-info-2608.bafg-slider-info .bafg_slider_readmore_button {\n\t\t\t\n\t\t\t\n\t\t\t\n\t\t\t\n\t\t\t\n\t\t\ttext-align: center;\n\n\t\t\t\n\t\t\t\n\t\t\t\n\t\t\t\n\t\t\t\t\t}\n\n\t\t.slider-info-2608.bafg-slider-info .bafg_slider_readmore_button:hover {\n\n\t\t\t\n\t\t\t\n\t\t\t\t\t}\n\t<\/style>\n\t\n\t\t\t<div class=\"bafg-twentytwenty-container slider-2608\"\n\t\t\t\tbafg-orientation=\"horizontal\" bafg-default-offset=\"0.5\"\n\t\t\t\tbafg-before-label=\"Before\"\n\t\t\t\tbafg-after-label=\"After\" bafg-overlay=\"1\"\n\t\t\t\tbafg-move-slider-on-hover=\"\"\n\t\t\t\tbafg-click-to-move=\"\">\n\n\t\t\t\t\t\t\t\t<img class=\"skip-lazy\" data-skip-lazy\t\t\t\t\tsrc=\"https:\/\/kilepunkt.eu\/wp-content\/uploads\/2025\/03\/ulekleepimine-1-scaled.jpeg\" alt=\"Enne\">\n\t\t\t\t<img class=\"skip-lazy\" data-skip-lazy\t\t\t\t\tsrc=\"https:\/\/kilepunkt.eu\/wp-content\/uploads\/2025\/03\/lifti-kiletamine-scaled.jpeg\" alt=\"P\u00e4rast\">\n\n\t\t\t<\/div>\n\n\t\t\t\t<div class=\"bafg-slider-info-wraper\">\n\t\t<div style=\"\" class=\"slider-info-2608 bafg-slider-info\">\n\t\t\t\t\t\t\t<div class=\"bafg-slider-description\">\n\t\t\t\t\t\u00dclekleebitud lift\t\t\t\t<\/div>\n\t\t\t\t\t\t<\/div>\n\t<\/div>\n\t\n\t\t\t<style type=\"text\/css\">\n\t\t\t\t\t\t\t\t\t\t\t<\/style>\n\t\t\t\t\t\t\t<\/div>\n\t\t\t\t<\/div>\n\t\t\t\t<\/div>\n\t\t\t\t\t<\/div>\n\t\t\t\t<\/div>\n\t\t<div class=\"elementor-element elementor-element-edadc40 e-flex e-con-boxed e-con e-parent\" data-id=\"edadc40\" data-element_type=\"container\" data-e-type=\"container\">\n\t\t\t\t\t<div class=\"e-con-inner\">\n\t\t<div class=\"elementor-element elementor-element-a8231bf e-con-full e-flex e-con e-child\" data-id=\"a8231bf\" data-element_type=\"container\" data-e-type=\"container\">\n\t\t\t\t<div class=\"elementor-element elementor-element-e067760 elementor-widget elementor-widget-text-editor\" data-id=\"e067760\" data-element_type=\"widget\" data-e-type=\"widget\" data-widget_type=\"text-editor.default\">\n\t\t\t\t<div class=\"elementor-widget-container\">\n\t\t\t\t\t\t\t\t\t<h3 data-pm-slice=\"1 1 []\"><strong>Fire safety and quality certifications<\/strong><\/h3><p>Interior films comply with <strong>international standards<\/strong> and are certified for <strong>fire resistance, antibacterial properties, and environmental safety.<\/strong> They meet <strong>EU regulations<\/strong> and offer <strong>a healthy, safe solution<\/strong> for all types of interiors.<\/p><h3 data-pm-slice=\"1 1 []\"><strong>How to order?<\/strong><\/h3><p>If you want to refresh your space with wrapping, send us <strong>the measurements of the surfaces (width \u00d7 height), the desired material, and quantity.<\/strong>We\u2019ll help you <strong>find the best solution and prepare a personalized quote<\/strong>.<\/p><h2><strong>Contact us and give your space a fresh, stylish update with interior films!<\/strong><\/h2>\t\t\t\t\t\t\t\t<\/div>\n\t\t\t\t<\/div>\n\t\t\t\t<\/div>\n\t\t<div class=\"elementor-element elementor-element-bf1b336 e-con-full e-flex e-con e-child\" data-id=\"bf1b336\" data-element_type=\"container\" data-e-type=\"container\">\n\t\t\t\t<div class=\"elementor-element elementor-element-0a9ad58 elementor-widget elementor-widget-text-editor\" data-id=\"0a9ad58\" data-element_type=\"widget\" data-e-type=\"widget\" data-widget_type=\"text-editor.default\">\n\t\t\t\t<div class=\"elementor-widget-container\">\n\t\t\t\t\t\t\t\t\t<h2 data-pm-slice=\"1 3 []\"><strong>Where can interior wrapping films be used?<\/strong><\/h2><p>Interior films are suitable for almost any surface, including:<\/p><ul data-spread=\"false\"><li><p><strong>Wood<\/strong><\/p><\/li><li><p><strong>Metal<\/strong><\/p><\/li><li><p><strong>PVC<\/strong><\/p><\/li><li><p><strong>Glass<\/strong><\/p><\/li><li><p><strong>Furniture<\/strong><\/p><\/li><li><p><strong>Walls<\/strong><\/p><\/li><li><p><strong>Elevators<\/strong><\/p><\/li><li><p><strong>Doors<\/strong><\/p><\/li><li><p><strong>Ceilings and many other surfaces<\/strong><\/p><\/li><\/ul>\t\t\t\t\t\t\t\t<\/div>\n\t\t\t\t<\/div>\n\t\t\t\t<\/div>\n\t\t\t\t\t<\/div>\n\t\t\t\t<\/div>\n\t\t<div class=\"elementor-element elementor-element-1e8d776 e-flex e-con-boxed e-con e-parent\" data-id=\"1e8d776\" data-element_type=\"container\" data-e-type=\"container\">\n\t\t\t\t\t<div class=\"e-con-inner\">\n\t\t\t\t<div class=\"elementor-element elementor-element-aac4d75 elementor-widget elementor-widget-heading\" data-id=\"aac4d75\" data-element_type=\"widget\" data-e-type=\"widget\" data-widget_type=\"heading.default\">\n\t\t\t\t<div class=\"elementor-widget-container\">\n\t\t\t\t\t<h2 class=\"elementor-heading-title elementor-size-default\">\u00dclekiletatud k\u00f6\u00f6k<\/h2>\t\t\t\t<\/div>\n\t\t\t\t<\/div>\n\t\t\t\t\t<\/div>\n\t\t\t\t<\/div>\n\t\t<div class=\"elementor-element elementor-element-007dd69 e-flex e-con-boxed e-con e-parent\" data-id=\"007dd69\" data-element_type=\"container\" data-e-type=\"container\">\n\t\t\t\t\t<div class=\"e-con-inner\">\n\t\t\t\t<div class=\"elementor-element elementor-element-2ba5d0d elementor-widget elementor-widget-image-gallery\" data-id=\"2ba5d0d\" data-element_type=\"widget\" data-e-type=\"widget\" data-widget_type=\"image-gallery.default\">\n\t\t\t\t<div class=\"elementor-widget-container\">\n\t\t\t\t\t\t\t<div class=\"elementor-image-gallery\">\n\t\t\t<div id='gallery-1' class='gallery galleryid-2603 gallery-columns-5 gallery-size-thumbnail'><figure class='gallery-item'>\n\t\t\t<div class='gallery-icon landscape'>\n\t\t\t\t<a data-elementor-open-lightbox=\"yes\" data-elementor-lightbox-slideshow=\"2ba5d0d\" data-elementor-lightbox-title=\"Pilt1\" data-e-action-hash=\"#elementor-action%3Aaction%3Dlightbox%26settings%3DeyJpZCI6MzQxMCwidXJsIjoiaHR0cHM6XC9cL2tpbGVwdW5rdC5ldVwvd3AtY29udGVudFwvdXBsb2Fkc1wvMjAyNlwvMDJcL1BpbHQxLmpwZWciLCJzbGlkZXNob3ciOiIyYmE1ZDBkIn0%3D\" href='https:\/\/kilepunkt.eu\/wp-content\/uploads\/2026\/02\/Pilt1.jpeg'><img decoding=\"async\" width=\"150\" height=\"150\" src=\"https:\/\/kilepunkt.eu\/wp-content\/uploads\/2026\/02\/Pilt1-150x150.jpeg\" class=\"attachment-thumbnail size-thumbnail\" alt=\"\" srcset=\"https:\/\/kilepunkt.eu\/wp-content\/uploads\/2026\/02\/Pilt1-150x150.jpeg 150w, https:\/\/kilepunkt.eu\/wp-content\/uploads\/2026\/02\/Pilt1-600x600.jpeg 600w, https:\/\/kilepunkt.eu\/wp-content\/uploads\/2026\/02\/Pilt1-75x75.jpeg 75w\" sizes=\"(max-width: 150px) 100vw, 150px\" \/><\/a>\n\t\t\t<\/div><\/figure><figure class='gallery-item'>\n\t\t\t<div class='gallery-icon landscape'>\n\t\t\t\t<a data-elementor-open-lightbox=\"yes\" data-elementor-lightbox-slideshow=\"2ba5d0d\" data-elementor-lightbox-title=\"Pilt2\" data-e-action-hash=\"#elementor-action%3Aaction%3Dlightbox%26settings%3DeyJpZCI6MzQxMSwidXJsIjoiaHR0cHM6XC9cL2tpbGVwdW5rdC5ldVwvd3AtY29udGVudFwvdXBsb2Fkc1wvMjAyNlwvMDJcL1BpbHQyLmpwZWciLCJzbGlkZXNob3ciOiIyYmE1ZDBkIn0%3D\" href='https:\/\/kilepunkt.eu\/wp-content\/uploads\/2026\/02\/Pilt2.jpeg'><img decoding=\"async\" width=\"150\" height=\"150\" src=\"https:\/\/kilepunkt.eu\/wp-content\/uploads\/2026\/02\/Pilt2-150x150.jpeg\" class=\"attachment-thumbnail size-thumbnail\" alt=\"\" srcset=\"https:\/\/kilepunkt.eu\/wp-content\/uploads\/2026\/02\/Pilt2-150x150.jpeg 150w, https:\/\/kilepunkt.eu\/wp-content\/uploads\/2026\/02\/Pilt2-600x600.jpeg 600w, https:\/\/kilepunkt.eu\/wp-content\/uploads\/2026\/02\/Pilt2-75x75.jpeg 75w\" sizes=\"(max-width: 150px) 100vw, 150px\" \/><\/a>\n\t\t\t<\/div><\/figure><figure class='gallery-item'>\n\t\t\t<div class='gallery-icon portrait'>\n\t\t\t\t<a data-elementor-open-lightbox=\"yes\" data-elementor-lightbox-slideshow=\"2ba5d0d\" data-elementor-lightbox-title=\"IMG_5832\" data-e-action-hash=\"#elementor-action%3Aaction%3Dlightbox%26settings%3DeyJpZCI6MzQwOCwidXJsIjoiaHR0cHM6XC9cL2tpbGVwdW5rdC5ldVwvd3AtY29udGVudFwvdXBsb2Fkc1wvMjAyNlwvMDJcL0lNR181ODMyLXNjYWxlZC5qcGVnIiwic2xpZGVzaG93IjoiMmJhNWQwZCJ9\" href='https:\/\/kilepunkt.eu\/wp-content\/uploads\/2026\/02\/IMG_5832-scaled.jpeg'><img decoding=\"async\" width=\"150\" height=\"150\" src=\"https:\/\/kilepunkt.eu\/wp-content\/uploads\/2026\/02\/IMG_5832-150x150.jpeg\" class=\"attachment-thumbnail size-thumbnail\" alt=\"\" srcset=\"https:\/\/kilepunkt.eu\/wp-content\/uploads\/2026\/02\/IMG_5832-150x150.jpeg 150w, https:\/\/kilepunkt.eu\/wp-content\/uploads\/2026\/02\/IMG_5832-600x600.jpeg 600w, https:\/\/kilepunkt.eu\/wp-content\/uploads\/2026\/02\/IMG_5832-75x75.jpeg 75w\" sizes=\"(max-width: 150px) 100vw, 150px\" \/><\/a>\n\t\t\t<\/div><\/figure><figure class='gallery-item'>\n\t\t\t<div class='gallery-icon portrait'>\n\t\t\t\t<a data-elementor-open-lightbox=\"yes\" data-elementor-lightbox-slideshow=\"2ba5d0d\" data-elementor-lightbox-title=\"IMG_5834\" data-e-action-hash=\"#elementor-action%3Aaction%3Dlightbox%26settings%3DeyJpZCI6MzQwNywidXJsIjoiaHR0cHM6XC9cL2tpbGVwdW5rdC5ldVwvd3AtY29udGVudFwvdXBsb2Fkc1wvMjAyNlwvMDJcL0lNR181ODM0LXNjYWxlZC5qcGVnIiwic2xpZGVzaG93IjoiMmJhNWQwZCJ9\" href='https:\/\/kilepunkt.eu\/wp-content\/uploads\/2026\/02\/IMG_5834-scaled.jpeg'><img loading=\"lazy\" decoding=\"async\" width=\"150\" height=\"150\" src=\"https:\/\/kilepunkt.eu\/wp-content\/uploads\/2026\/02\/IMG_5834-150x150.jpeg\" class=\"attachment-thumbnail size-thumbnail\" alt=\"\" srcset=\"https:\/\/kilepunkt.eu\/wp-content\/uploads\/2026\/02\/IMG_5834-150x150.jpeg 150w, https:\/\/kilepunkt.eu\/wp-content\/uploads\/2026\/02\/IMG_5834-600x600.jpeg 600w, https:\/\/kilepunkt.eu\/wp-content\/uploads\/2026\/02\/IMG_5834-75x75.jpeg 75w\" sizes=\"(max-width: 150px) 100vw, 150px\" \/><\/a>\n\t\t\t<\/div><\/figure><figure class='gallery-item'>\n\t\t\t<div class='gallery-icon portrait'>\n\t\t\t\t<a data-elementor-open-lightbox=\"yes\" data-elementor-lightbox-slideshow=\"2ba5d0d\" data-elementor-lightbox-title=\"IMG_5831\" data-e-action-hash=\"#elementor-action%3Aaction%3Dlightbox%26settings%3DeyJpZCI6MzQwOSwidXJsIjoiaHR0cHM6XC9cL2tpbGVwdW5rdC5ldVwvd3AtY29udGVudFwvdXBsb2Fkc1wvMjAyNlwvMDJcL0lNR181ODMxLXNjYWxlZC5qcGVnIiwic2xpZGVzaG93IjoiMmJhNWQwZCJ9\" href='https:\/\/kilepunkt.eu\/wp-content\/uploads\/2026\/02\/IMG_5831-scaled.jpeg'><img loading=\"lazy\" decoding=\"async\" width=\"150\" height=\"150\" src=\"https:\/\/kilepunkt.eu\/wp-content\/uploads\/2026\/02\/IMG_5831-150x150.jpeg\" class=\"attachment-thumbnail size-thumbnail\" alt=\"\" srcset=\"https:\/\/kilepunkt.eu\/wp-content\/uploads\/2026\/02\/IMG_5831-150x150.jpeg 150w, https:\/\/kilepunkt.eu\/wp-content\/uploads\/2026\/02\/IMG_5831-600x600.jpeg 600w, https:\/\/kilepunkt.eu\/wp-content\/uploads\/2026\/02\/IMG_5831-75x75.jpeg 75w\" sizes=\"(max-width: 150px) 100vw, 150px\" \/><\/a>\n\t\t\t<\/div><\/figure>\n\t\t<\/div>\n\t\t<\/div>\n\t\t\t\t\t\t<\/div>\n\t\t\t\t<\/div>\n\t\t\t\t\t<\/div>\n\t\t\t\t<\/div>\n\t\t<div class=\"elementor-element elementor-element-ea5a4be e-flex e-con-boxed e-con e-parent\" data-id=\"ea5a4be\" data-element_type=\"container\" data-e-type=\"container\">\n\t\t\t\t\t<div class=\"e-con-inner\">\n\t\t\t\t<div class=\"elementor-element elementor-element-7a0ac4c elementor-align-justify elementor-invisible elementor-widget elementor-widget-button\" data-id=\"7a0ac4c\" data-element_type=\"widget\" data-e-type=\"widget\" data-settings=\"{&quot;_animation&quot;:&quot;fadeIn&quot;}\" data-widget_type=\"button.default\">\n\t\t\t\t<div class=\"elementor-widget-container\">\n\t\t\t\t\t\t\t\t\t<div class=\"elementor-button-wrapper\">\n\t\t\t\t\t<a class=\"elementor-button elementor-button-link elementor-size-sm elementor-animation-pop\" href=\"https:\/\/kilepunkt.eu\/en\/kontakt\/#tellima\">\n\t\t\t\t\t\t<span class=\"elementor-button-content-wrapper\">\n\t\t\t\t\t\t\t\t\t<span class=\"elementor-button-text\">Order now!<\/span>\n\t\t\t\t\t<\/span>\n\t\t\t\t\t<\/a>\n\t\t\t\t<\/div>\n\t\t\t\t\t\t\t\t<\/div>\n\t\t\t\t<\/div>\n\t\t\t\t\t<\/div>\n\t\t\t\t<\/div>\n\t\t\t\t<\/div>","protected":false},"excerpt":{"rendered":"<p>Sisustuskiled \u2013 stiilne ja kuluefektiivne lahendus interj\u00f6\u00f6ri uuendamiseks \u00dclekleepimine sisustuskiledega pakub kiiret ja soodsat lahendust pindade renoveerimiseks, andes neile uue ja kaasaegse v\u00e4limuse. Sobib ideaalselt kaubanduskeskustesse, hotellidesse, kauplustesse ning kodusesse interj\u00f6\u00f6ri. \u00dclekleepimist saab kasutada m\u00f6\u00f6blil, ustel, seintel, liftidel, paatidel ja paljudel teistel pindadel. See on suurep\u00e4rane viis vanade pindade v\u00e4rskendamiseks ilma kuluka ja aegan\u00f5udva remondita. [&hellip;]<\/p>\n","protected":false},"author":1,"featured_media":0,"parent":0,"menu_order":0,"comment_status":"closed","ping_status":"closed","template":"","meta":{"_eb_attr":"","ocean_post_layout":"","ocean_both_sidebars_style":"","ocean_both_sidebars_content_width":0,"ocean_both_sidebars_sidebars_width":0,"ocean_sidebar":"","ocean_second_sidebar":"","ocean_disable_margins":"enable","ocean_add_body_class":"","ocean_shortcode_before_top_bar":"","ocean_shortcode_after_top_bar":"","ocean_shortcode_before_header":"","ocean_shortcode_after_header":"","ocean_has_shortcode":"","ocean_shortcode_after_title":"","ocean_shortcode_before_footer_widgets":"","ocean_shortcode_after_footer_widgets":"","ocean_shortcode_before_footer_bottom":"","ocean_shortcode_after_footer_bottom":"","ocean_display_top_bar":"default","ocean_display_header":"default","ocean_header_style":"","ocean_center_header_left_menu":"","ocean_custom_header_template":"","ocean_custom_logo":0,"ocean_custom_retina_logo":0,"ocean_custom_logo_max_width":0,"ocean_custom_logo_tablet_max_width":0,"ocean_custom_logo_mobile_max_width":0,"ocean_custom_logo_max_height":0,"ocean_custom_logo_tablet_max_height":0,"ocean_custom_logo_mobile_max_height":0,"ocean_header_custom_menu":"","ocean_menu_typo_font_family":"","ocean_menu_typo_font_subset":"","ocean_menu_typo_font_size":0,"ocean_menu_typo_font_size_tablet":0,"ocean_menu_typo_font_size_mobile":0,"ocean_menu_typo_font_size_unit":"px","ocean_menu_typo_font_weight":"","ocean_menu_typo_font_weight_tablet":"","ocean_menu_typo_font_weight_mobile":"","ocean_menu_typo_transform":"","ocean_menu_typo_transform_tablet":"","ocean_menu_typo_transform_mobile":"","ocean_menu_typo_line_height":0,"ocean_menu_typo_line_height_tablet":0,"ocean_menu_typo_line_height_mobile":0,"ocean_menu_typo_line_height_unit":"","ocean_menu_typo_spacing":0,"ocean_menu_typo_spacing_tablet":0,"ocean_menu_typo_spacing_mobile":0,"ocean_menu_typo_spacing_unit":"","ocean_menu_link_color":"","ocean_menu_link_color_hover":"","ocean_menu_link_color_active":"","ocean_menu_link_background":"","ocean_menu_link_hover_background":"","ocean_menu_link_active_background":"","ocean_menu_social_links_bg":"","ocean_menu_social_hover_links_bg":"","ocean_menu_social_links_color":"","ocean_menu_social_hover_links_color":"","ocean_disable_title":"default","ocean_disable_heading":"default","ocean_post_title":"","ocean_post_subheading":"","ocean_post_title_style":"","ocean_post_title_background_color":"","ocean_post_title_background":0,"ocean_post_title_bg_image_position":"","ocean_post_title_bg_image_attachment":"","ocean_post_title_bg_image_repeat":"","ocean_post_title_bg_image_size":"","ocean_post_title_height":0,"ocean_post_title_bg_overlay":0.5,"ocean_post_title_bg_overlay_color":"","ocean_disable_breadcrumbs":"default","ocean_breadcrumbs_color":"","ocean_breadcrumbs_separator_color":"","ocean_breadcrumbs_links_color":"","ocean_breadcrumbs_links_hover_color":"","ocean_display_footer_widgets":"default","ocean_display_footer_bottom":"default","ocean_custom_footer_template":"","_glsr_average":0,"_glsr_ranking":0,"_glsr_reviews":0,"footnotes":""},"class_list":["post-2603","page","type-page","status-publish","hentry","entry"],"_links":{"self":[{"href":"https:\/\/kilepunkt.eu\/en\/wp-json\/wp\/v2\/pages\/2603","targetHints":{"allow":["GET"]}}],"collection":[{"href":"https:\/\/kilepunkt.eu\/en\/wp-json\/wp\/v2\/pages"}],"about":[{"href":"https:\/\/kilepunkt.eu\/en\/wp-json\/wp\/v2\/types\/page"}],"author":[{"embeddable":true,"href":"https:\/\/kilepunkt.eu\/en\/wp-json\/wp\/v2\/users\/1"}],"replies":[{"embeddable":true,"href":"https:\/\/kilepunkt.eu\/en\/wp-json\/wp\/v2\/comments?post=2603"}],"version-history":[{"count":5,"href":"https:\/\/kilepunkt.eu\/en\/wp-json\/wp\/v2\/pages\/2603\/revisions"}],"predecessor-version":[{"id":3415,"href":"https:\/\/kilepunkt.eu\/en\/wp-json\/wp\/v2\/pages\/2603\/revisions\/3415"}],"wp:attachment":[{"href":"https:\/\/kilepunkt.eu\/en\/wp-json\/wp\/v2\/media?parent=2603"}],"curies":[{"name":"wp","href":"https:\/\/api.w.org\/{rel}","templated":true}]}}